{"id":9,"date":"2023-03-12T10:19:19","date_gmt":"2023-03-12T10:19:19","guid":{"rendered":"https:\/\/autoklaasikeskus.sdhost.eu\/?page_id=9"},"modified":"2023-03-20T14:01:25","modified_gmt":"2023-03-20T12:01:25","slug":"main-page","status":"publish","type":"page","link":"https:\/\/allcarglass.eu\/","title":{"rendered":"Main page"},"content":{"rendered":"<section class=\"wpb-content-wrapper\"><p>[vc_section full_width=&#8221;stretch_row&#8221; full_height=&#8221;yes&#8221; el_class=&#8221;main-bg&#8221;][vc_row full_width=&#8221;stretch_row&#8221; content_placement=&#8221;top&#8221;][vc_column][vc_empty_space height=&#8221;&#8221; el_class=&#8221;empty1&#8243;][vc_single_image image=&#8221;21&#8243; img_size=&#8221;full&#8221; alignment=&#8221;center&#8221; css_animation=&#8221;none&#8221; el_class=&#8221;main-logo&#8221;][vc_empty_space height=&#8221;&#8221; el_class=&#8221;empty2&#8243;][vc_column_text css_animation=&#8221;fadeIn&#8221; el_class=&#8221;email-mainpage&#8221; css=&#8221;.vc_custom_1678625675759{margin-bottom: 5px !important;}&#8221;]<\/p>\n<p style=\"text-align: center;\"><a href=\"mailto:info@allcarglass.eu\"><span style=\"color: #7e8587;\">info@allcarglass.eu<\/span><\/a><\/p>\n<p>[\/vc_column_text][vc_column_text css_animation=&#8221;fadeIn&#8221; el_class=&#8221;phone-mainpage&#8221;]<\/p>\n<p style=\"text-align: center;\"><a href=\"tel:+37256615963\"><span style=\"color: #f2f2f2;\">+372 5661 5963<\/span><\/a><\/p>\n<p>[\/vc_column_text][vc_row_inner el_class=&#8221;icons-row&#8221;][vc_column_inner][vc_raw_html el_class=&#8221;icon1-element&#8221;]JTNDYSUyMGhyZWYlM0QlMjJ2aWJlciUzQSUyRiUyRmNoYXQlM0ZudW1iZXIlM0QlMjUyQjM3MjU2NjE1OTYzJTIyJTIwdGFyZ2V0JTIyX2JsYW5rJTIyJTNFJTBBJTNDc3ZnJTIwaWQlM0QlMjJpY29uMSUyMiUyMGRhdGEtbmFtZSUzRCUyMmljb24xJTIyJTIweG1sbnMlM0QlMjJodHRwJTNBJTJGJTJGd3d3LnczLm9yZyUyRjIwMDAlMkZzdmclMjIlMjB2aWV3Qm94JTNEJTIyMCUyMDAlMjA0Mi41OCUyMDQ1Ljk3JTIyJTNFJTNDcGF0aCUyMGQlM0QlMjJNMzcuNzglMkM0LjQ4QzM2LjY2JTJDMy40MyUyQzMyLjE1LjA4JTJDMjIuMTElMkMwYzAlMkMwLTExLjg1LS43My0xNy42MiUyQzQuNjlDMS4yOCUyQzglMkMuMTQlMkMxMi44MyUyQzAlMkMxOC44Uy0uMjUlMkMzNiUyQzEwLjI5JTJDMzloMHY0LjYzcy0uMDYlMkMxLjg3JTJDMS4xNCUyQzIuMjVjMS40Ni40NyUyQzIuMzEtMSUyQzMuNy0yLjUuNzctLjg0JTJDMS44Mi0yLjA4JTJDMi42Mi0zYTM5LjU4JTJDMzkuNTglMkMwJTJDMCUyQzAlMkMxMy4zNy0xYzEuNDYtLjQ4JTJDOS42OS0xLjU2JTJDMTEtMTIuNzUlMkMxLjM4LTExLjUzLS42Ny0xOC44My00LjM3LTIyLjEyWk0zOSUyQzI1Ljc3Yy0xLjEzJTJDOS4zNC03LjgxJTJDOS45My05JTJDMTAuMzNhMzYuMjUlMkMzNi4yNSUyQzAlMkMwJTJDMS0xMS41MSUyQzFsLTYuNjMlMkM3LjM1VjM2bC0uMDUlMkMwYy04LjkxLTIuNTMtOC42MS0xMi04LjUxLTE3UzQuMjglMkM5Ljg4JTJDNyUyQzcuMTNDMTEuODklMkMyLjYlMkMyMS45NCUyQzMuMjglMkMyMS45NCUyQzMuMjhjOC41JTJDMCUyQzEyLjU3JTJDMi42NiUyQzEzLjUyJTJDMy41MyUyQzMuMTMlMkMyLjc1JTJDNC43MyUyQzkuMzMlMkMzLjU2JTJDMTlaJTIyJTIwc3R5bGUlM0QlMjJmaWxsJTNBJTIzNzU5ZGE2JTIyJTJGJTNFJTNDcGF0aCUyMGQlM0QlMjJNMzEuMzUlMkMyNy4xNlMzMCUyQzI2JTJDMjkuMzQlMkMyNS41MXMtMS42MS0xLjA5LTIuMTYtMS40MWExLjg2JTJDMS44NiUyQzAlMkMwJTJDMC0yLjQyLjM1bC0uODglMkMxLjExYTEuMzQlMkMxLjM0JTJDMCUyQzAlMkMxLTEuMzEuNDQlMkM5LjIlMkM5LjIlMkMwJTJDMCUyQzEtNC0yLjQ4QTguMyUyQzguMyUyQzAlMkMwJTJDMSUyQzE2JTJDMTkuMjRsMC0uMDlhMS42NiUyQzEuNjYlMkMwJTJDMCUyQzElMkMuMjctMS4zMWwwJTJDMGMuNTktLjU1JTJDMS42OC0xLjIxJTJDMS44Mi0xLjg0LjQzLTEuMS0xLjQyLTMuMzktMS42OS0zLjhBMTglMkMxOCUyQzAlMkMwJTJDMCUyQzE0LjU0JTJDMTBhMS43NyUyQzEuNzclMkMwJTJDMCUyQzAtMi4xMy0uMThsLS4wNSUyQzBDMTAlMkMxMS40NiUyQzkuMTklMkMxMi4zNiUyQzkuNDIlMkMxMy43MWwuMTIuNTVBMjkuMjElMkMyOS4yMSUyQzAlMkMwJTJDMCUyQzE2LjQlMkMyNS40OCUyQzI5LjU3JTJDMjkuNTclMkMwJTJDMCUyQzAlMkMyNyUyQzMyLjVhMi44OSUyQzIuODklMkMwJTJDMCUyQzAlMkMyLjg4LS44aDBhOS4zMSUyQzkuMzElMkMwJTJDMCUyQzAlMkMxLjgxLTIuMjh2MGExLjczJTJDMS43MyUyQzAlMkMwJTJDMC0uMzUtMi4yM1olMjIlMjBzdHlsZSUzRCUyMmZpbGwlM0ElMjM3NTlkYTYlMjIlMkYlM0UlM0NwYXRoJTIwZCUzRCUyMk0yNS43NyUyQzE5YS4yNy4yNyUyQzAlMkMwJTJDMS0uMjctLjI2JTJDMy4zMiUyQzMuMzIlMkMwJTJDMCUyQzAtLjc3LTIuMiUyQzMlMkMzJTJDMCUyQzAlMkMwLTIuMDYtLjgxLjI4LjI4JTJDMCUyQzAlMkMxLS4yNi0uMjkuMjguMjglMkMwJTJDMCUyQzElMkMuMjgtLjI2JTJDMy40OCUyQzMuNDglMkMwJTJDMCUyQzElMkMyLjQyJTJDMUEzLjg3JTJDMy44NyUyQzAlMkMwJTJDMSUyQzI2JTJDMTguNzJhLjI4LjI4JTJDMCUyQzAlMkMxLS4yNi4yOVolMjIlMjBzdHlsZSUzRCUyMmZpbGwlM0ElMjM3NTlkYTYlMjIlMkYlM0UlM0NwYXRoJTIwZCUzRCUyMk0yOC40MiUyQzE5LjkyaDBhLjI4LjI4JTJDMCUyQzAlMkMxLS4yNi0uMjhBNi41MyUyQzYuNTMlMkMwJTJDMCUyQzAlMkMyNi41NSUyQzE1YTYlMkM2JTJDMCUyQzAlMkMwLTItMS40NiUyQzguMjQlMkM4LjI0JTJDMCUyQzAlMkMwLTIuNjctLjYzLjI3LjI3JTJDMCUyQzAlMkMxLS4yNS0uMjkuMjguMjglMkMwJTJDMCUyQzElMkMuMjgtLjI2JTJDNy4yJTJDNy4yJTJDMCUyQzAlMkMxJTJDNSUyQzIuMjclMkM3JTJDNyUyQzAlMkMwJTJDMSUyQzEuNzUlMkM1JTJDLjI3LjI3JTJDMCUyQzAlMkMxLS4yNy4yN1olMjIlMjBzdHlsZSUzRCUyMmZpbGwlM0ElMjM3NTlkYTYlMjIlMkYlM0UlM0NwYXRoJTIwZCUzRCUyMk0zMS4xNCUyQzIxYS4yNy4yNyUyQzAlMkMwJTJDMS0uMjctLjI3JTJDMTIuNzUlMkMxMi43NSUyQzAlMkMwJTJDMC0uNzQtNC40QTkuMTIlMkM5LjEyJTJDMCUyQzAlMkMwJTJDMjglMkMxM2E5LjcxJTJDOS43MSUyQzAlMkMwJTJDMC0zLjE2LTIuMTJBMTAuNTMlMkMxMC41MyUyQzAlMkMwJTJDMCUyQzIxJTJDMTAuMTZhLjI4LjI4JTJDMCUyQzAlMkMxLS4yNi0uMjhBLjI3LjI3JTJDMCUyQzAlMkMxJTJDMjElMkM5LjYxaDBhMTAuMjMlMkMxMC4yMyUyQzAlMkMwJTJDMSUyQzcuNCUyQzMlMkM5LjcyJTJDOS43MiUyQzAlMkMwJTJDMSUyQzIuMjQlMkMzLjUzJTJDMTMuNjYlMkMxMy42NiUyQzAlMkMwJTJDMSUyQy43OCUyQzQuNTkuMjguMjglMkMwJTJDMCUyQzEtLjI3LjI4WiUyMiUyMHN0eWxlJTNEJTIyZmlsbCUzQSUyMzc1OWRhNiUyMiUyRiUzRSUzQyUyRnN2ZyUzRSUwQSUzQyUyRmElM0U=[\/vc_raw_html][vc_raw_html el_class=&#8221;icon3-element&#8221;]JTNDYSUyMGhyZWYlM0QlMjJodHRwcyUzQSUyRiUyRnQubWUlMkZhdXRva2xhYXNpa2Vza3VzJTIyJTNFJTBBJTNDc3ZnJTIwaWQlM0QlMjJpY29uMiUyMiUyMGRhdGEtbmFtZSUzRCUyMmljb24yJTIyJTIweG1sbnMlM0QlMjJodHRwJTNBJTJGJTJGd3d3LnczLm9yZyUyRjIwMDAlMkZzdmclMjIlMjB2aWV3Qm94JTNEJTIyMCUyMDAlMjA0NC4wMSUyMDM4LjQxJTIyJTNFJTNDcGF0aCUyMGQlM0QlMjJNMzMuOTMlMkMzOC40MUE0LjU0JTJDNC41NCUyQzAlMkMwJTJDMSUyQzMyLjA4JTJDMzhhMS4xMSUyQzEuMTElMkMwJTJDMCUyQzEtLjMtLjE3TDE2Ljg4JTJDMjYuNGwtNS4yNC0yLjU0TDIuNTMlMkMyMC44aDBBMy43NiUyQzMuNzYlMkMwJTJDMCUyQzElMkMwJTJDMThjLS4yMS0xLjY0JTJDMS4yMi0yLjc1JTJDMi41Mi0zLjJMMzklMkMuNTFjLjYtLjI2JTJDMi41LTElMkMzLjg2LS4wN0EyLjU1JTJDMi41NSUyQzAlMkMwJTJDMSUyQzQ0JTJDMi42OSUyQzIuNCUyQzIuNCUyQzAlMkMwJTJDMSUyQzQ0JTJDM0wzNy40NyUyQzM1Ljc4YTEuMjElMkMxLjIxJTJDMCUyQzAlMkMxLS4wOC4yNSUyQzQlMkM0JTJDMCUyQzAlMkMxLTIuMDklMkMyLjExJTJDMy40NyUyQzMuNDclMkMwJTJDMCUyQzEtMS4zNy4yN1ptLS41Ni0zaDBBLjk1Ljk1JTJDMCUyQzAlMkMwJTJDMzQuNyUyQzM1TDQxLjA3JTJDMi44OGEzLjkxJTJDMy45MSUyQzAlMkMwJTJDMC0uOTIuMjZsLS4wNiUyQzBMMy41NiUyQzE3LjVsLS4wNiUyQzBhMi4zMyUyQzIuMzMlMkMwJTJDMCUyQzAtLjUyLjI3JTJDMS44NCUyQzEuODQlMkMwJTJDMCUyQzAlMkMuNDkuM2w5LjE3JTJDMy4wOC4xNi4wNyUyQzUuNDYlMkMyLjY0YTEuMjglMkMxLjI4JTJDMCUyQzAlMkMxJTJDLjI1LjE1bDE0Ljg2JTJDMTEuNFolMjIlMjBzdHlsZSUzRCUyMmZpbGwlM0ElMjM3NTlkYTYlMjIlMkYlM0UlM0NwYXRoJTIwZCUzRCUyMk0yMy4zOSUyQzI5LjU4JTJDMTcuNDYlMkMzNWMwJTJDLjE3LTElMkMuMTctMSUyQzBsMS4xNC05LjkzLjA3LS4xN1MzNC4zNCUyQzkuOTMlMkMzNSUyQzkuMjlzLjQ1LS43Ny40NS0uNzdjLjA1LS43Ny0xLjIyJTJDMC0xLjIyJTJDMGwtMjIuMDclMkMxNFMxNSUyQzMxLjYzJTJDMTUuNSUyQzMzLjM2cy44NyUyQzEuNyUyQzElMkMxLjdsNi45MS01LjQ4WiUyMiUyMHN0eWxlJTNEJTIyZmlsbCUzQSUyMzc1OWRhNiUyMiUyRiUzRSUzQ3BhdGglMjBkJTNEJTIyTTE3JTJDMzYuNTZhMi45MyUyQzIuOTMlMkMwJTJDMCUyQzEtLjctLjA4Yy0xLjIyLS4xMy0xLjc1LTEuNDUtMi4xNC0yLjY5LS41NC0xLjcyLTMuMjEtMTAuNDctMy4zMi0xMC44NGExLjQ0JTJDMS40NCUyQzAlMkMwJTJDMSUyQy42LTEuNjNsMjIuMDctMTQlMkMwJTJDMEEyLjU3JTJDMi41NyUyQzAlMkMwJTJDMSUyQzM2LjElMkM3YTEuNyUyQzEuNyUyQzAlMkMwJTJDMSUyQy43OCUyQzEuMTkuNzUuNzUlMkMwJTJDMCUyQzElMkMwJTJDLjI2JTJDMi4zMiUyQzIuMzIlMkMwJTJDMCUyQzEtLjkzJTJDMS45Yy0uNjQuNTktMTQuNTIlMkMxMy4wNy0xNyUyQzE1LjNsLS43NyUyQzYuNzElMkM0LjItMy44M2ExLjQzJTJDMS40MyUyQzAlMkMwJTJDMSUyQzEuOTMlMkMyLjEyTDE4LjU0JTJDMzZhMS45MiUyQzEuOTIlMkMwJTJDMCUyQzEtMS41Ny42MVptLTMuMS0xMy40aDBsMS44NCUyQzYlMkMuNDktNC4yNmExLjY1JTJDMS42NSUyQzAlMkMwJTJDMSUyQy4wNy0uMzJsLjA2LS4xN2ExLjQxJTJDMS40MSUyQzAlMkMwJTJDMSUyQy40LS41OWw5LjQyLTguNDctMTIuMjglMkM3LjhaJTIyJTIwc3R5bGUlM0QlMjJmaWxsJTNBJTIzNzU5ZGE2JTIyJTJGJTNFJTNDcGF0aCUyMGQlM0QlMjJNMjMuMzklMkMzMWExLjQzJTJDMS40MyUyQzAlMkMwJTJDMS0uODgtLjMxTDE2Ljc0JTJDMjYuMmExLjQzJTJDMS40MyUyQzAlMkMwJTJDMSUyQzEuNzYtMi4yNmw1Ljc4JTJDNC41MWExLjQ0JTJDMS40NCUyQzAlMkMwJTJDMSUyQy4yNCUyQzIlMkMxLjQyJTJDMS40MiUyQzAlMkMwJTJDMS0xLjEzLjU1WiUyMiUyMHN0eWxlJTNEJTIyZmlsbCUzQSUyMzc1OWRhNiUyMiUyRiUzRSUzQyUyRnN2ZyUzRSUwQSUzQyUyRmElM0U=[\/vc_raw_html][vc_raw_html el_class=&#8221;icon2-element&#8221;]JTNDYSUyMGhyZWYlM0QlMjJodHRwcyUzQSUyRiUyRndhLm1lJTJGMzcyNTY2MTU5NjMlMjIlMjB0YXJnZXQlM0QlMjJfYmxhbmslMjIlM0UlMEElM0NzdmclMjBpZCUzRCUyMmljb24zJTIyJTIwZGF0YS1uYW1lJTNEJTIyaWNvbjMlMjIlMjB4bWxucyUzRCUyMmh0dHAlM0ElMkYlMkZ3d3cudzMub3JnJTJGMjAwMCUyRnN2ZyUyMiUyMHZpZXdCb3glM0QlMjIwJTIwMCUyMDQxLjg4JTIwNDIuMjElMjIlM0UlM0NwYXRoJTIwZCUzRCUyMk0zMSUyQzI1LjIzYy0uNTItLjI4LTMuMDUtMS42NS0zLjUyLTEuODRzLS44Mi0uMjktMS4xOS4yMi0xLjQyJTJDMS42NS0xLjc0JTJDMi0uNjMuMzctMS4xNC4wOWExNC4yOCUyQzE0LjI4JTJDMCUyQzAlMkMxLTQuMTMtMi43NiUyQzE2JTJDMTYlMkMwJTJDMCUyQzEtMi43OC0zLjc0Yy0uMjktLjU0JTJDMC0uODIuMjctMS4wN3MuNTUtLjU5LjgyLS44OWEzLjM4JTJDMy4zOCUyQzAlMkMwJTJDMCUyQy41Ni0uODUlMkMxJTJDMSUyQzAlMkMwJTJDMCUyQzAtLjkyYy0uMTItLjI3LTEuMDctMi44OS0xLjQ3LTRzLS44NC0uOTEtMS4xNS0uOTItLjY1LS4wNy0xLS4wOGEyJTJDMiUyQzAlMkMwJTJDMC0xLjQzLjYlMkM1LjkyJTJDNS45MiUyQzAlMkMwJTJDMC0yJTJDNC4zMUExMC4yOCUyQzEwLjI4JTJDMCUyQzAlMkMwJTJDMTMlMkMyMC45MmMuMjUuMzYlMkMzLjQxJTJDNiUyQzguNjclMkM4LjI2czUuMjglMkMxLjYlMkM2LjI1JTJDMS41NSUyQzMuMTUtMS4xNiUyQzMuNjMtMi4zN2E0LjI0JTJDNC4yNCUyQzAlMkMwJTJDMCUyQy40LTIuNDhjLS4xMi0uMjItLjQ3LS4zNy0xLS42NVpNMjEuMzIlMkMzNy42N2ExNyUyQzE3JTJDMCUyQzAlMkMxLTkuNDEtMi44M0w1LjMzJTJDMzdsMi4xNC02LjM2YTE3LjExJTJDMTcuMTElMkMwJTJDMSUyQzElMkMxMy44NSUyQzcuMDhaTTIxLjMyJTJDMEEyMC41NyUyQzIwLjU3JTJDMCUyQzAlMkMwJTJDMy43MSUyQzMxLjE4TDAlMkM0Mi4yMWwxMS4zOC0zLjY1QTIwLjU2JTJDMjAuNTYlMkMwJTJDMSUyQzAlMkMyMS4zMiUyQzBaJTIyJTIwc3R5bGUlM0QlMjJmaWxsJTNBJTIzNzU5ZGE2JTNCZmlsbC1ydWxlJTNBZXZlbm9kZCUyMiUyRiUzRSUzQyUyRnN2ZyUzRSUwQSUzQyUyRmElM0U=[\/vc_raw_html][\/vc_column_inner][\/vc_row_inner][\/vc_column][\/vc_row][vc_row content_placement=&#8221;bottom&#8221; el_class=&#8221;footer-row-mainpage&#8221;][vc_column][vc_column_text css_animation=&#8221;none&#8221; el_class=&#8221;adress-mainpage&#8221; css=&#8221;.vc_custom_1679313570758{margin-bottom: 10px !important;}&#8221;]<\/p>\n<p style=\"text-align: center;\"><span style=\"color: #759da6;\"><a style=\"a: link { text-decoration: none; } a: active { text-decoration: none;\" href=\"https:\/\/goo.gl\/maps\/ujL46KbQh6AuKjwdA\" target=\"_blank\" rel=\"noopener\">Suur-S\u00f5jam\u00e4e p\u00f5ik 9\/3, Lasnam\u00e4e, Tallinn 11415<\/a><\/span><\/p>\n<p>[\/vc_column_text][vc_column_text css_animation=&#8221;none&#8221; el_class=&#8221;info-mainpage&#8221; css=&#8221;.vc_custom_1678693361354{margin-bottom: 15px !important;}&#8221;]<\/p>\n<p style=\"text-align: center; font-size: 13px;\"><span style=\"color: #f2f2f2;\">DIALIT O\u00dc Reg. kood: 14239259 KMKR\/VAT: EE101966726<br \/>\nIBAN: EE727700771004331567 BIC\/SWIFT: LHVBEE22<br \/>\n<\/span><\/p>\n<p>[\/vc_column_text][\/vc_column][\/vc_row][\/vc_section]<\/p>\n<\/section>","protected":false},"excerpt":{"rendered":"<p>[vc_section full_width=&#8221;stretch_row&#8221; full_height=&#8221;yes&#8221; el_class=&#8221;main-bg&#8221;][vc_row full_width=&#8221;stretch_row&#8221; content_placement=&#8221;top&#8221;][vc_column][vc_empty_space height=&#8221;&#8221; el_class=&#8221;empty1&#8243;][vc_single_image image=&#8221;21&#8243; img_size=&#8221;full&#8221; alignment=&#8221;center&#8221; css_animation=&#8221;none&#8221; el_class=&#8221;main-logo&#8221;][vc_empty_space height=&#8221;&#8221; el_class=&#8221;empty2&#8243;][vc_column_text css_animation=&#8221;fadeIn&#8221; el_class=&#8221;email-mainpage&#8221; css=&#8221;.vc_custom_1678625675759{margin-bottom: 5px !important;}&#8221;] info@allcarglass.eu [\/vc_column_text][vc_column_text css_animation=&#8221;fadeIn&#8221; el_class=&#8221;phone-mainpage&#8221;] +372 5661 5963 [\/vc_column_text][vc_row_inner el_class=&#8221;icons-row&#8221;][vc_column_inner][vc_raw_html el_class=&#8221;icon1-element&#8221;]JTNDYSUyMGhyZWYlM0QlMjJ2aWJlciUzQSUyRiUyRmNoYXQlM0ZudW1iZXIlM0QlMjUyQjM3MjU2NjE1OTYzJTIyJTIwdGFyZ2V0JTIyX2JsYW5rJTIyJTNFJTBBJTNDc3ZnJTIwaWQlM0QlMjJpY29uMSUyMiUyMGRhdGEtbmFtZSUzRCUyMmljb24xJTIyJTIweG1sbnMlM0QlMjJodHRwJTNBJTJGJTJGd3d3LnczLm9yZyUyRjIwMDAlMkZzdmclMjIlMjB2aWV3Qm94JTNEJTIyMCUyMDAlMjA0Mi41OCUyMDQ1Ljk3JTIyJTNFJTNDcGF0aCUyMGQlM0QlMjJNMzcuNzglMkM0LjQ4QzM2LjY2JTJDMy40MyUyQzMyLjE1LjA4JTJDMjIuMTElMkMwYzAlMkMwLTExLjg1LS43My0xNy42MiUyQzQuNjlDMS4yOCUyQzglMkMuMTQlMkMxMi44MyUyQzAlMkMxOC44Uy0uMjUlMkMzNiUyQzEwLjI5JTJDMzloMHY0LjYzcy0uMDYlMkMxLjg3JTJDMS4xNCUyQzIuMjVjMS40Ni40NyUyQzIuMzEtMSUyQzMuNy0yLjUuNzctLjg0JTJDMS44Mi0yLjA4JTJDMi42Mi0zYTM5LjU4JTJDMzkuNTglMkMwJTJDMCUyQzAlMkMxMy4zNy0xYzEuNDYtLjQ4JTJDOS42OS0xLjU2JTJDMTEtMTIuNzUlMkMxLjM4LTExLjUzLS42Ny0xOC44My00LjM3LTIyLjEyWk0zOSUyQzI1Ljc3Yy0xLjEzJTJDOS4zNC03LjgxJTJDOS45My05JTJDMTAuMzNhMzYuMjUlMkMzNi4yNSUyQzAlMkMwJTJDMS0xMS41MSUyQzFsLTYuNjMlMkM3LjM1VjM2bC0uMDUlMkMwYy04LjkxLTIuNTMtOC42MS0xMi04LjUxLTE3UzQuMjglMkM5Ljg4JTJDNyUyQzcuMTNDMTEuODklMkMyLjYlMkMyMS45NCUyQzMuMjglMkMyMS45NCUyQzMuMjhjOC41JTJDMCUyQzEyLjU3JTJDMi42NiUyQzEzLjUyJTJDMy41MyUyQzMuMTMlMkMyLjc1JTJDNC43MyUyQzkuMzMlMkMzLjU2JTJDMTlaJTIyJTIwc3R5bGUlM0QlMjJmaWxsJTNBJTIzNzU5ZGE2JTIyJTJGJTNFJTNDcGF0aCUyMGQlM0QlMjJNMzEuMzUlMkMyNy4xNlMzMCUyQzI2JTJDMjkuMzQlMkMyNS41MXMtMS42MS0xLjA5LTIuMTYtMS40MWExLjg2JTJDMS44NiUyQzAlMkMwJTJDMC0yLjQyLjM1bC0uODglMkMxLjExYTEuMzQlMkMxLjM0JTJDMCUyQzAlMkMxLTEuMzEuNDQlMkM5LjIlMkM5LjIlMkMwJTJDMCUyQzEtNC0yLjQ4QTguMyUyQzguMyUyQzAlMkMwJTJDMSUyQzE2JTJDMTkuMjRsMC0uMDlhMS42NiUyQzEuNjYlMkMwJTJDMCUyQzElMkMuMjctMS4zMWwwJTJDMGMuNTktLjU1JTJDMS42OC0xLjIxJTJDMS44Mi0xLjg0LjQzLTEuMS0xLjQyLTMuMzktMS42OS0zLjhBMTglMkMxOCUyQzAlMkMwJTJDMCUyQzE0LjU0JTJDMTBhMS43NyUyQzEuNzclMkMwJTJDMCUyQzAtMi4xMy0uMThsLS4wNSUyQzBDMTAlMkMxMS40NiUyQzkuMTklMkMxMi4zNiUyQzkuNDIlMkMxMy43MWwuMTIuNTVBMjkuMjElMkMyOS4yMSUyQzAlMkMwJTJDMCUyQzE2LjQlMkMyNS40OCUyQzI5LjU3JTJDMjkuNTclMkMwJTJDMCUyQzAlMkMyNyUyQzMyLjVhMi44OSUyQzIuODklMkMwJTJDMCUyQzAlMkMyLjg4LS44aDBhOS4zMSUyQzkuMzElMkMwJTJDMCUyQzAlMkMxLjgxLTIuMjh2MGExLjczJTJDMS43MyUyQzAlMkMwJTJDMC0uMzUtMi4yM1olMjIlMjBzdHlsZSUzRCUyMmZpbGwlM0ElMjM3NTlkYTYlMjIlMkYlM0UlM0NwYXRoJTIwZCUzRCUyMk0yNS43NyUyQzE5YS4yNy4yNyUyQzAlMkMwJTJDMS0uMjctLjI2JTJDMy4zMiUyQzMuMzIlMkMwJTJDMCUyQzAtLjc3LTIuMiUyQzMlMkMzJTJDMCUyQzAlMkMwLTIuMDYtLjgxLjI4LjI4JTJDMCUyQzAlMkMxLS4yNi0uMjkuMjguMjglMkMwJTJDMCUyQzElMkMuMjgtLjI2JTJDMy40OCUyQzMuNDglMkMwJTJDMCUyQzElMkMyLjQyJTJDMUEzLjg3JTJDMy44NyUyQzAlMkMwJTJDMSUyQzI2JTJDMTguNzJhLjI4LjI4JTJDMCUyQzAlMkMxLS4yNi4yOVolMjIlMjBzdHlsZSUzRCUyMmZpbGwlM0ElMjM3NTlkYTYlMjIlMkYlM0UlM0NwYXRoJTIwZCUzRCUyMk0yOC40MiUyQzE5LjkyaDBhLjI4LjI4JTJDMCUyQzAlMkMxLS4yNi0uMjhBNi41MyUyQzYuNTMlMkMwJTJDMCUyQzAlMkMyNi41NSUyQzE1YTYlMkM2JTJDMCUyQzAlMkMwLTItMS40NiUyQzguMjQlMkM4LjI0JTJDMCUyQzAlMkMwLTIuNjctLjYzLjI3LjI3JTJDMCUyQzAlMkMxLS4yNS0uMjkuMjguMjglMkMwJTJDMCUyQzElMkMuMjgtLjI2JTJDNy4yJTJDNy4yJTJDMCUyQzAlMkMxJTJDNSUyQzIuMjclMkM3JTJDNyUyQzAlMkMwJTJDMSUyQzEuNzUlMkM1JTJDLjI3LjI3JTJDMCUyQzAlMkMxLS4yNy4yN1olMjIlMjBzdHlsZSUzRCUyMmZpbGwlM0ElMjM3NTlkYTYlMjIlMkYlM0UlM0NwYXRoJTIwZCUzRCUyMk0zMS4xNCUyQzIxYS4yNy4yNyUyQzAlMkMwJTJDMS0uMjctLjI3JTJDMTIuNzUlMkMxMi43NSUyQzAlMkMwJTJDMC0uNzQtNC40QTkuMTIlMkM5LjEyJTJDMCUyQzAlMkMwJTJDMjglMkMxM2E5LjcxJTJDOS43MSUyQzAlMkMwJTJDMC0zLjE2LTIuMTJBMTAuNTMlMkMxMC41MyUyQzAlMkMwJTJDMCUyQzIxJTJDMTAuMTZhLjI4LjI4JTJDMCUyQzAlMkMxLS4yNi0uMjhBLjI3LjI3JTJDMCUyQzAlMkMxJTJDMjElMkM5LjYxaDBhMTAuMjMlMkMxMC4yMyUyQzAlMkMwJTJDMSUyQzcuNCUyQzMlMkM5LjcyJTJDOS43MiUyQzAlMkMwJTJDMSUyQzIuMjQlMkMzLjUzJTJDMTMuNjYlMkMxMy42NiUyQzAlMkMwJTJDMSUyQy43OCUyQzQuNTkuMjguMjglMkMwJTJDMCUyQzEtLjI3LjI4WiUyMiUyMHN0eWxlJTNEJTIyZmlsbCUzQSUyMzc1OWRhNiUyMiUyRiUzRSUzQyUyRnN2ZyUzRSUwQSUzQyUyRmElM0U=[\/vc_raw_html][vc_raw_html el_class=&#8221;icon3-element&#8221;]JTNDYSUyMGhyZWYlM0QlMjJodHRwcyUzQSUyRiUyRnQubWUlMkZhdXRva2xhYXNpa2Vza3VzJTIyJTNFJTBBJTNDc3ZnJTIwaWQlM0QlMjJpY29uMiUyMiUyMGRhdGEtbmFtZSUzRCUyMmljb24yJTIyJTIweG1sbnMlM0QlMjJodHRwJTNBJTJGJTJGd3d3LnczLm9yZyUyRjIwMDAlMkZzdmclMjIlMjB2aWV3Qm94JTNEJTIyMCUyMDAlMjA0NC4wMSUyMDM4LjQxJTIyJTNFJTNDcGF0aCUyMGQlM0QlMjJNMzMuOTMlMkMzOC40MUE0LjU0JTJDNC41NCUyQzAlMkMwJTJDMSUyQzMyLjA4JTJDMzhhMS4xMSUyQzEuMTElMkMwJTJDMCUyQzEtLjMtLjE3TDE2Ljg4JTJDMjYuNGwtNS4yNC0yLjU0TDIuNTMlMkMyMC44aDBBMy43NiUyQzMuNzYlMkMwJTJDMCUyQzElMkMwJTJDMThjLS4yMS0xLjY0JTJDMS4yMi0yLjc1JTJDMi41Mi0zLjJMMzklMkMuNTFjLjYtLjI2JTJDMi41LTElMkMzLjg2LS4wN0EyLjU1JTJDMi41NSUyQzAlMkMwJTJDMSUyQzQ0JTJDMi42OSUyQzIuNCUyQzIuNCUyQzAlMkMwJTJDMSUyQzQ0JTJDM0wzNy40NyUyQzM1Ljc4YTEuMjElMkMxLjIxJTJDMCUyQzAlMkMxLS4wOC4yNSUyQzQlMkM0JTJDMCUyQzAlMkMxLTIuMDklMkMyLjExJTJDMy40NyUyQzMuNDclMkMwJTJDMCUyQzEtMS4zNy4yN1ptLS41Ni0zaDBBLjk1Ljk1JTJDMCUyQzAlMkMwJTJDMzQuNyUyQzM1TDQxLjA3JTJDMi44OGEzLjkxJTJDMy45MSUyQzAlMkMwJTJDMC0uOTIuMjZsLS4wNiUyQzBMMy41NiUyQzE3LjVsLS4wNiUyQzBhMi4zMyUyQzIuMzMlMkMwJTJDMCUyQzAtLjUyLjI3JTJDMS44NCUyQzEuODQlMkMwJTJDMCUyQzAlMkMuNDkuM2w5LjE3JTJDMy4wOC4xNi4wNyUyQzUuNDYlMkMyLjY0YTEuMjglMkMxLjI4JTJDMCUyQzAlMkMxJTJDLjI1LjE1bDE0Ljg2JTJDMTEuNFolMjIlMjBzdHlsZSUzRCUyMmZpbGwlM0ElMjM3NTlkYTYlMjIlMkYlM0UlM0NwYXRoJTIwZCUzRCUyMk0yMy4zOSUyQzI5LjU4JTJDMTcuNDYlMkMzNWMwJTJDLjE3LTElMkMuMTctMSUyQzBsMS4xNC05LjkzLjA3LS4xN1MzNC4zNCUyQzkuOTMlMkMzNSUyQzkuMjlzLjQ1LS43Ny40NS0uNzdjLjA1LS43Ny0xLjIyJTJDMC0xLjIyJTJDMGwtMjIuMDclMkMxNFMxNSUyQzMxLjYzJTJDMTUuNSUyQzMzLjM2cy44NyUyQzEuNyUyQzElMkMxLjdsNi45MS01LjQ4WiUyMiUyMHN0eWxlJTNEJTIyZmlsbCUzQSUyMzc1OWRhNiUyMiUyRiUzRSUzQ3BhdGglMjBkJTNEJTIyTTE3JTJDMzYuNTZhMi45MyUyQzIuOTMlMkMwJTJDMCUyQzEtLjctLjA4Yy0xLjIyLS4xMy0xLjc1LTEuNDUtMi4xNC0yLjY5LS41NC0xLjcyLTMuMjEtMTAuNDctMy4zMi0xMC44NGExLjQ0JTJDMS40NCUyQzAlMkMwJTJDMSUyQy42LTEuNjNsMjIuMDctMTQlMkMwJTJDMEEyLjU3JTJDMi41NyUyQzAlMkMwJTJDMSUyQzM2LjElMkM3YTEuNyUyQzEuNyUyQzAlMkMwJTJDMSUyQy43OCUyQzEuMTkuNzUuNzUlMkMwJTJDMCUyQzElMkMwJTJDLjI2JTJDMi4zMiUyQzIuMzIlMkMwJTJDMCUyQzEtLjkzJTJDMS45Yy0uNjQuNTktMTQuNTIlMkMxMy4wNy0xNyUyQzE1LjNsLS43NyUyQzYuNzElMkM0LjItMy44M2ExLjQzJTJDMS40MyUyQzAlMkMwJTJDMSUyQzEuOTMlMkMyLjEyTDE4LjU0JTJDMzZhMS45MiUyQzEuOTIlMkMwJTJDMCUyQzEtMS41Ny42MVptLTMuMS0xMy40aDBsMS44NCUyQzYlMkMuNDktNC4yNmExLjY1JTJDMS42NSUyQzAlMkMwJTJDMSUyQy4wNy0uMzJsLjA2LS4xN2ExLjQxJTJDMS40MSUyQzAlMkMwJTJDMSUyQy40LS41OWw5LjQyLTguNDctMTIuMjglMkM3LjhaJTIyJTIwc3R5bGUlM0QlMjJmaWxsJTNBJTIzNzU5ZGE2JTIyJTJGJTNFJTNDcGF0aCUyMGQlM0QlMjJNMjMuMzklMkMzMWExLjQzJTJDMS40MyUyQzAlMkMwJTJDMS0uODgtLjMxTDE2Ljc0JTJDMjYuMmExLjQzJTJDMS40MyUyQzAlMkMwJTJDMSUyQzEuNzYtMi4yNmw1Ljc4JTJDNC41MWExLjQ0JTJDMS40NCUyQzAlMkMwJTJDMSUyQy4yNCUyQzIlMkMxLjQyJTJDMS40MiUyQzAlMkMwJTJDMS0xLjEzLjU1WiUyMiUyMHN0eWxlJTNEJTIyZmlsbCUzQSUyMzc1OWRhNiUyMiUyRiUzRSUzQyUyRnN2ZyUzRSUwQSUzQyUyRmElM0U=[\/vc_raw_html][vc_raw_html el_class=&#8221;icon2-element&#8221;]JTNDYSUyMGhyZWYlM0QlMjJodHRwcyUzQSUyRiUyRndhLm1lJTJGMzcyNTY2MTU5NjMlMjIlMjB0YXJnZXQlM0QlMjJfYmxhbmslMjIlM0UlMEElM0NzdmclMjBpZCUzRCUyMmljb24zJTIyJTIwZGF0YS1uYW1lJTNEJTIyaWNvbjMlMjIlMjB4bWxucyUzRCUyMmh0dHAlM0ElMkYlMkZ3d3cudzMub3JnJTJGMjAwMCUyRnN2ZyUyMiUyMHZpZXdCb3glM0QlMjIwJTIwMCUyMDQxLjg4JTIwNDIuMjElMjIlM0UlM0NwYXRoJTIwZCUzRCUyMk0zMSUyQzI1LjIzYy0uNTItLjI4LTMuMDUtMS42NS0zLjUyLTEuODRzLS44Mi0uMjktMS4xOS4yMi0xLjQyJTJDMS42NS0xLjc0JTJDMi0uNjMuMzctMS4xNC4wOWExNC4yOCUyQzE0LjI4JTJDMCUyQzAlMkMxLTQuMTMtMi43NiUyQzE2JTJDMTYlMkMwJTJDMCUyQzEtMi43OC0zLjc0Yy0uMjktLjU0JTJDMC0uODIuMjctMS4wN3MuNTUtLjU5LjgyLS44OWEzLjM4JTJDMy4zOCUyQzAlMkMwJTJDMCUyQy41Ni0uODUlMkMxJTJDMSUyQzAlMkMwJTJDMCUyQzAtLjkyYy0uMTItLjI3LTEuMDctMi44OS0xLjQ3LTRzLS44NC0uOTEtMS4xNS0uOTItLjY1LS4wNy0xLS4wOGEyJTJDMiUyQzAlMkMwJTJDMC0xLjQzLjYlMkM1LjkyJTJDNS45MiUyQzAlMkMwJTJDMC0yJTJDNC4zMUExMC4yOCUyQzEwLjI4JTJDMCUyQzAlMkMwJTJDMTMlMkMyMC45MmMuMjUuMzYlMkMzLjQxJTJDNiUyQzguNjclMkM4LjI2czUuMjglMkMxLjYlMkM2LjI1JTJDMS41NSUyQzMuMTUtMS4xNiUyQzMuNjMtMi4zN2E0LjI0JTJDNC4yNCUyQzAlMkMwJTJDMCUyQy40LTIuNDhjLS4xMi0uMjItLjQ3LS4zNy0xLS42NVpNMjEuMzIlMkMzNy42N2ExNyUyQzE3JTJDMCUyQzAlMkMxLTkuNDEtMi44M0w1LjMzJTJDMzdsMi4xNC02LjM2YTE3LjExJTJDMTcuMTElMkMwJTJDMSUyQzElMkMxMy44NSUyQzcuMDhaTTIxLjMyJTJDMEEyMC41NyUyQzIwLjU3JTJDMCUyQzAlMkMwJTJDMy43MSUyQzMxLjE4TDAlMkM0Mi4yMWwxMS4zOC0zLjY1QTIwLjU2JTJDMjAuNTYlMkMwJTJDMSUyQzAlMkMyMS4zMiUyQzBaJTIyJTIwc3R5bGUlM0QlMjJmaWxsJTNBJTIzNzU5ZGE2JTNCZmlsbC1ydWxlJTNBZXZlbm9kZCUyMiUyRiUzRSUzQyUyRnN2ZyUzRSUwQSUzQyUyRmElM0U=[\/vc_raw_html][\/vc_column_inner][\/vc_row_inner][\/vc_column][\/vc_row][vc_row content_placement=&#8221;bottom&#8221; el_class=&#8221;footer-row-mainpage&#8221;][vc_column][vc_column_text css_animation=&#8221;none&#8221; el_class=&#8221;adress-mainpage&#8221; css=&#8221;.vc_custom_1679313570758{margin-bottom: 10px !important;}&#8221;] Suur-S\u00f5jam\u00e4e p\u00f5ik 9\/3, Lasnam\u00e4e, Tallinn 11415 [\/vc_column_text][vc_column_text css_animation=&#8221;none&#8221; el_class=&#8221;info-mainpage&#8221; css=&#8221;.vc_custom_1678693361354{margin-bottom: 15px !important;}&#8221;] DIALIT O\u00dc Reg. kood: [&hellip;]<\/p>\n","protected":false},"author":1,"featured_media":0,"parent":0,"menu_order":0,"comment_status":"closed","ping_status":"closed","template":"","meta":{"_acf_changed":false,"footnotes":""},"acf":[],"_links":{"self":[{"href":"https:\/\/allcarglass.eu\/index.php?rest_route=\/wp\/v2\/pages\/9"}],"collection":[{"href":"https:\/\/allcarglass.eu\/index.php?rest_route=\/wp\/v2\/pages"}],"about":[{"href":"https:\/\/allcarglass.eu\/index.php?rest_route=\/wp\/v2\/types\/page"}],"author":[{"embeddable":true,"href":"https:\/\/allcarglass.eu\/index.php?rest_route=\/wp\/v2\/users\/1"}],"replies":[{"embeddable":true,"href":"https:\/\/allcarglass.eu\/index.php?rest_route=%2Fwp%2Fv2%2Fcomments&post=9"}],"version-history":[{"count":63,"href":"https:\/\/allcarglass.eu\/index.php?rest_route=\/wp\/v2\/pages\/9\/revisions"}],"predecessor-version":[{"id":80,"href":"https:\/\/allcarglass.eu\/index.php?rest_route=\/wp\/v2\/pages\/9\/revisions\/80"}],"wp:attachment":[{"href":"https:\/\/allcarglass.eu\/index.php?rest_route=%2Fwp%2Fv2%2Fmedia&parent=9"}],"curies":[{"name":"wp","href":"https:\/\/api.w.org\/{rel}","templated":true}]}}